{"id":15624,"date":"2024-12-22T19:21:50","date_gmt":"2024-12-22T18:21:50","guid":{"rendered":"https:\/\/www.seaseteandsun.com\/?page_id=15624"},"modified":"2025-04-04T20:25:08","modified_gmt":"2025-04-04T19:25:08","slug":"homepage-fermeture-2","status":"publish","type":"page","link":"https:\/\/www.seaseteandsun.com\/en\/","title":{"rendered":"Homepage fermeture"},"content":{"rendered":"<div class=\"wpb-content-wrapper\"><p>[vc_row full_width=&#8221;stretch_row&#8221; bg_type=&#8221;bg_color&#8221; css=&#8221;.vc_custom_1440678882247{background-color: #ffffff !important;}&#8221; bg_color_value=&#8221;#ffffff&#8221;][vc_column][vc_column_text css=&#8221;&#8221;]<\/p>\n<h2 style=\"text-align: center;\"><strong>L&#8217;agence Sea S\u00e8te &amp; Sun a ferm\u00e9 ses portes.<\/strong><\/h2>\n<h2 style=\"text-align: center;\">Les r\u00e9servations South Lodge restent ouvertes aupr\u00e8s de Rouba,<br \/>\n<a href=\"mailto:southlodge.sete@gmail.com\">southlodge.sete@gmail.com<\/a> \/ +33 (0)7 81 85 69 70<\/h2>\n<p>[\/vc_column_text][vc_row_inner el_class=&#8221;wprentals_space&#8221;][vc_column_inner width=&#8221;1\/3&#8243; css=&#8221;.vc_custom_1440677774186{padding-right: 2.5px !important;padding-left: 0px !important;}&#8221;][\/vc_column_inner][vc_column_inner width=&#8221;1\/3&#8243;]<div class=\"places_wrapper   type_1_class  \"   data-link=\"https:\/\/www.seaseteandsun.com\/location-sete\/south-lodge\/\"><div class=\"listing-hover-gradient\"><\/div><div class=\"listing-hover\"><\/div><div class=\"places1 featuredplace\" style=\"background-image:url(https:\/\/www.seaseteandsun.com\/wp-content\/uploads\/2017\/01\/logo-bdef.png);\"><\/div><div class=\"category_name\"><div class=\"featured_place_count\">9 Listings<\/div><a class=\"featured_listing_title\" href=\"https:\/\/www.seaseteandsun.com\/location-sete\/south-lodge\/\">South Lodge<\/a><div class=\"category_tagline\">un ensemble de g\u00eetes au vert \u00e0 la mer !<\/div><\/div><\/div>[\/vc_column_inner][vc_column_inner width=&#8221;1\/3&#8243;][\/vc_column_inner][\/vc_row_inner][\/vc_column][\/vc_row]<\/p>\n<\/div>","protected":false},"excerpt":{"rendered":"<p>[vc_row full_width=&#8221;stretch_row&#8221; bg_type=&#8221;bg_color&#8221; css=&#8221;.vc_custom_1440678882247{background-color: #ffffff !important;}&#8221; bg_color_value=&#8221;#ffffff&#8221;][vc_column][vc_column_text css=&#8221;&#8221;] L&#8217;agence Sea S\u00e8te &amp; Sun a ferm\u00e9 ses portes. Les r\u00e9servations South Lodge restent ouvertes aupr\u00e8s de Rouba, southlodge.sete@gmail.com \/ +33 (0)7 81 85 69 70 [\/vc_column_text][vc_row_inner el_class=&#8221;wprentals_space&#8221;][vc_column_inner width=&#8221;1\/3&#8243; css=&#8221;.vc_custom_1440677774186{padding-right: 2.5px !important;padding-left: 0px !important;}&#8221;][\/vc_column_inner][vc_column_inner width=&#8221;1\/3&#8243;][\/vc_column_inner][vc_column_inner width=&#8221;1\/3&#8243;][\/vc_column_inner][\/vc_row_inner][\/vc_column][\/vc_row]<\/p>\n","protected":false},"author":11,"featured_media":0,"parent":0,"menu_order":0,"comment_status":"closed","ping_status":"closed","template":"","meta":{"_acf_changed":false,"inline_featured_image":false,"footnotes":""},"acf":[],"_links":{"self":[{"href":"https:\/\/www.seaseteandsun.com\/en\/wp-json\/wp\/v2\/pages\/15624"}],"collection":[{"href":"https:\/\/www.seaseteandsun.com\/en\/wp-json\/wp\/v2\/pages"}],"about":[{"href":"https:\/\/www.seaseteandsun.com\/en\/wp-json\/wp\/v2\/types\/page"}],"author":[{"embeddable":true,"href":"https:\/\/www.seaseteandsun.com\/en\/wp-json\/wp\/v2\/users\/11"}],"replies":[{"embeddable":true,"href":"https:\/\/www.seaseteandsun.com\/en\/wp-json\/wp\/v2\/comments?post=15624"}],"version-history":[{"count":4,"href":"https:\/\/www.seaseteandsun.com\/en\/wp-json\/wp\/v2\/pages\/15624\/revisions"}],"predecessor-version":[{"id":15681,"href":"https:\/\/www.seaseteandsun.com\/en\/wp-json\/wp\/v2\/pages\/15624\/revisions\/15681"}],"wp:attachment":[{"href":"https:\/\/www.seaseteandsun.com\/en\/wp-json\/wp\/v2\/media?parent=15624"}],"curies":[{"name":"wp","href":"https:\/\/api.w.org\/{rel}","templated":true}]}}